{"id":4863,"date":"2025-10-13T16:12:57","date_gmt":"2025-10-13T16:12:57","guid":{"rendered":"https:\/\/www.pellinicaffe.com\/cookies-policy\/"},"modified":"2026-02-24T10:18:14","modified_gmt":"2026-02-24T10:18:14","slug":"polityka-cookie","status":"publish","type":"page","link":"https:\/\/www.pellinicaffe.com\/pl\/polityka-cookie\/","title":{"rendered":"Polityka cookie"},"content":{"rendered":"<p><div class=\"fusion-fullwidth fullwidth-box fusion-builder-row-1 fusion-flex-container has-pattern-background has-mask-background hundred-percent-fullwidth non-hundred-percent-height-scrolling\" style=\"--awb-border-radius-top-left:0px;--awb-border-radius-top-right:0px;--awb-border-radius-bottom-right:0px;--awb-border-radius-bottom-left:0px;--awb-padding-top:120px;--awb-padding-top-small:100px;--awb-padding-bottom-small:50px;--awb-flex-wrap:wrap;\" ><div class=\"fusion-builder-row fusion-row fusion-flex-align-items-flex-start fusion-flex-content-wrap\" style=\"width:calc( 100% + 30px ) !important;max-width:calc( 100% + 30px ) !important;margin-left: calc(-30px \/ 2 );margin-right: calc(-30px \/ 2 );\"><div class=\"fusion-layout-column fusion_builder_column fusion-builder-column-0 fusion_builder_column_1_1 1_1 fusion-flex-column\" style=\"--awb-bg-size:cover;--awb-width-large:100%;--awb-margin-top-large:0px;--awb-spacing-right-large:15px;--awb-margin-bottom-large:0px;--awb-spacing-left-large:15px;--awb-width-medium:100%;--awb-order-medium:0;--awb-spacing-right-medium:15px;--awb-spacing-left-medium:15px;--awb-width-small:100%;--awb-order-small:0;--awb-spacing-right-small:15px;--awb-spacing-left-small:15px;\"><div class=\"fusion-column-wrapper fusion-column-has-shadow fusion-flex-justify-content-flex-start fusion-content-layout-column\">[pellini_breadcrumbs sep=\"\/\" class=\"breadcrumb-pellini\" show_current=\"1\"]<\/div><\/div><\/div><\/div><div class=\"fusion-fullwidth fullwidth-box fusion-builder-row-2 fusion-flex-container has-pattern-background has-mask-background nonhundred-percent-fullwidth non-hundred-percent-height-scrolling\" style=\"--awb-border-radius-top-left:0px;--awb-border-radius-top-right:0px;--awb-border-radius-bottom-right:0px;--awb-border-radius-bottom-left:0px;--awb-padding-top:100px;--awb-padding-top-small:50px;--awb-flex-wrap:wrap;\" ><div class=\"fusion-builder-row fusion-row fusion-flex-align-items-flex-start fusion-flex-content-wrap\" style=\"max-width:calc( 1200px + 30px );margin-left: calc(-30px \/ 2 );margin-right: calc(-30px \/ 2 );\"><div class=\"fusion-layout-column fusion_builder_column fusion-builder-column-1 fusion_builder_column_1_1 1_1 fusion-flex-column fusion-animated\" style=\"--awb-padding-right-small:30px;--awb-padding-left-small:30px;--awb-bg-size:cover;--awb-width-large:100%;--awb-margin-top-large:0px;--awb-spacing-right-large:15px;--awb-margin-bottom-large:0px;--awb-spacing-left-large:15px;--awb-width-medium:100%;--awb-order-medium:0;--awb-spacing-right-medium:15px;--awb-spacing-left-medium:15px;--awb-width-small:100%;--awb-order-small:0;--awb-spacing-right-small:15px;--awb-spacing-left-small:15px;\" data-animationType=\"fadeInUp\" data-animationDuration=\"1.0\" data-animationOffset=\"top-into-view\" data-scroll-devices=\"small-visibility,medium-visibility,large-visibility\"><div class=\"fusion-column-wrapper fusion-column-has-shadow fusion-flex-justify-content-flex-start fusion-content-layout-column\"><div class=\"fusion-separator\" style=\"align-self: center;margin-left: auto;margin-right: auto;margin-bottom:5px;width:100%;max-width:19px;\"><div class=\"fusion-separator-border sep-single sep-solid\" style=\"--awb-height:20px;--awb-amount:20px;border-color:var(--awb-color4);border-top-width:4px;\"><\/div><\/div><div class=\"fusion-title title fusion-title-1 fusion-sep-none fusion-title-center fusion-title-text fusion-title-size-one\" style=\"--awb-margin-top-small:0px;--awb-margin-right-small:0px;--awb-margin-bottom-small:0px;--awb-margin-left-small:0px;\"><h1 class=\"fusion-title-heading title-heading-center fusion-responsive-typography-calculated\" style=\"margin:0;--fontSize:60;line-height:1.2;\">COOKIE POLICY<\/h1><\/div><div class=\"fusion-separator fusion-full-width-sep\" style=\"align-self: center;margin-left: auto;margin-right: auto;margin-top:50px;width:100%;\"><\/div><\/div><\/div><div class=\"fusion-layout-column fusion_builder_column fusion-builder-column-2 fusion_builder_column_1_1 1_1 fusion-flex-column\" style=\"--awb-bg-size:cover;--awb-width-large:100%;--awb-margin-top-large:0px;--awb-spacing-right-large:15px;--awb-margin-bottom-large:0px;--awb-spacing-left-large:15px;--awb-width-medium:100%;--awb-order-medium:0;--awb-spacing-right-medium:15px;--awb-spacing-left-medium:15px;--awb-width-small:100%;--awb-order-small:0;--awb-spacing-right-small:15px;--awb-spacing-left-small:15px;\"><div class=\"fusion-column-wrapper fusion-column-has-shadow fusion-flex-justify-content-flex-start fusion-content-layout-column\"><script>\n(function() {\n    var htmlLang = document.documentElement.lang || 'it';\n    var langShort = htmlLang.substring(0, 2).toLowerCase();\n    var localeMap = {\n        'it': 'IT',\n        'en': 'EN',\n        'pl': 'PL',\n        'de': 'DE',\n        'fr': 'FR',\n        'es': 'ES'\n    };\n    var culture = localeMap[langShort] || 'IT';\n    var s = document.createElement('script');\n    s.id = 'CookieDeclaration';\n    s.src = 'https:\/\/consent.cookiebot.com\/0567f817-9b8a-4af5-a122-1bb1018e8e74\/cd.js';\n    s.setAttribute('data-culture', culture);\n    s.type = 'text\/javascript';\n    s.async = true;\n    document.currentScript ? \n        document.currentScript.parentNode.appendChild(s) : \n        document.body.appendChild(s);\n})();\n<\/script><\/div><\/div><\/div><\/div><\/p>\n","protected":false},"excerpt":{"rendered":"","protected":false},"author":3,"featured_media":0,"parent":0,"menu_order":0,"comment_status":"closed","ping_status":"closed","template":"100-width.php","meta":{"_acf_changed":false,"footnotes":""},"class_list":["post-4863","page","type-page","status-publish","hentry"],"acf":[],"yoast_head":"<!-- This site is optimized with the Yoast SEO plugin v27.4 - https:\/\/yoast.com\/product\/yoast-seo-wordpress\/ -->\n<title>Polityka plik\u00f3w cookie \u2013 Pellini Caff\u00e8<\/title>\n<meta name=\"description\" content=\"Jak u\u017cywamy plik\u00f3w cookie: kategorie, preferencje i zarz\u0105dzanie zgod\u0105 w serwisie Pellini Caff\u00e8.\" \/>\n<meta name=\"robots\" content=\"index, follow, max-snippet:-1, max-image-preview:large, max-video-preview:-1\" \/>\n<link rel=\"canonical\" href=\"https:\/\/www.pellinicaffe.com\/pl\/polityka-cookie\/\" \/>\n<meta property=\"og:locale\" content=\"pl_PL\" \/>\n<meta property=\"og:type\" content=\"article\" \/>\n<meta property=\"og:title\" content=\"Polityka plik\u00f3w cookie \u2013 Pellini Caff\u00e8\" \/>\n<meta property=\"og:description\" content=\"Jak u\u017cywamy plik\u00f3w cookie: kategorie, preferencje i zarz\u0105dzanie zgod\u0105 w serwisie Pellini Caff\u00e8.\" \/>\n<meta property=\"og:url\" content=\"https:\/\/www.pellinicaffe.com\/pl\/polityka-cookie\/\" \/>\n<meta property=\"og:site_name\" content=\"Pellini Caff\u00e8\" \/>\n<meta property=\"article:modified_time\" content=\"2026-02-24T10:18:14+00:00\" \/>\n<meta name=\"twitter:card\" content=\"summary_large_image\" \/>\n<meta name=\"twitter:label1\" content=\"Szacowany czas czytania\" \/>\n\t<meta name=\"twitter:data1\" content=\"1 minuta\" \/>\n<script type=\"application\/ld+json\" class=\"yoast-schema-graph\">{\"@context\":\"https:\\\/\\\/schema.org\",\"@graph\":[{\"@type\":\"WebPage\",\"@id\":\"https:\\\/\\\/www.pellinicaffe.com\\\/pl\\\/polityka-cookie\\\/\",\"url\":\"https:\\\/\\\/www.pellinicaffe.com\\\/pl\\\/polityka-cookie\\\/\",\"name\":\"Polityka plik\u00f3w cookie \u2013 Pellini Caff\u00e8\",\"isPartOf\":{\"@id\":\"https:\\\/\\\/www.pellinicaffe.com\\\/pl\\\/#website\"},\"datePublished\":\"2025-10-13T16:12:57+00:00\",\"dateModified\":\"2026-02-24T10:18:14+00:00\",\"description\":\"Jak u\u017cywamy plik\u00f3w cookie: kategorie, preferencje i zarz\u0105dzanie zgod\u0105 w serwisie Pellini Caff\u00e8.\",\"breadcrumb\":{\"@id\":\"https:\\\/\\\/www.pellinicaffe.com\\\/pl\\\/polityka-cookie\\\/#breadcrumb\"},\"inLanguage\":\"pl-PL\",\"potentialAction\":[{\"@type\":\"ReadAction\",\"target\":[\"https:\\\/\\\/www.pellinicaffe.com\\\/pl\\\/polityka-cookie\\\/\"]}]},{\"@type\":\"BreadcrumbList\",\"@id\":\"https:\\\/\\\/www.pellinicaffe.com\\\/pl\\\/polityka-cookie\\\/#breadcrumb\",\"itemListElement\":[{\"@type\":\"ListItem\",\"position\":1,\"name\":\"Home\",\"item\":\"https:\\\/\\\/www.pellinicaffe.com\\\/pl\\\/\"},{\"@type\":\"ListItem\",\"position\":2,\"name\":\"Polityka cookie\"}]},{\"@type\":\"WebSite\",\"@id\":\"https:\\\/\\\/www.pellinicaffe.com\\\/pl\\\/#website\",\"url\":\"https:\\\/\\\/www.pellinicaffe.com\\\/pl\\\/\",\"name\":\"Pellini Caff\u00e8\",\"description\":\"\",\"potentialAction\":[{\"@type\":\"SearchAction\",\"target\":{\"@type\":\"EntryPoint\",\"urlTemplate\":\"https:\\\/\\\/www.pellinicaffe.com\\\/pl\\\/?s={search_term_string}\"},\"query-input\":{\"@type\":\"PropertyValueSpecification\",\"valueRequired\":true,\"valueName\":\"search_term_string\"}}],\"inLanguage\":\"pl-PL\"}]}<\/script>\n<!-- \/ Yoast SEO plugin. -->","yoast_head_json":{"title":"Polityka plik\u00f3w cookie \u2013 Pellini Caff\u00e8","description":"Jak u\u017cywamy plik\u00f3w cookie: kategorie, preferencje i zarz\u0105dzanie zgod\u0105 w serwisie Pellini Caff\u00e8.","robots":{"index":"index","follow":"follow","max-snippet":"max-snippet:-1","max-image-preview":"max-image-preview:large","max-video-preview":"max-video-preview:-1"},"canonical":"https:\/\/www.pellinicaffe.com\/pl\/polityka-cookie\/","og_locale":"pl_PL","og_type":"article","og_title":"Polityka plik\u00f3w cookie \u2013 Pellini Caff\u00e8","og_description":"Jak u\u017cywamy plik\u00f3w cookie: kategorie, preferencje i zarz\u0105dzanie zgod\u0105 w serwisie Pellini Caff\u00e8.","og_url":"https:\/\/www.pellinicaffe.com\/pl\/polityka-cookie\/","og_site_name":"Pellini Caff\u00e8","article_modified_time":"2026-02-24T10:18:14+00:00","twitter_card":"summary_large_image","twitter_misc":{"Szacowany czas czytania":"1 minuta"},"schema":{"@context":"https:\/\/schema.org","@graph":[{"@type":"WebPage","@id":"https:\/\/www.pellinicaffe.com\/pl\/polityka-cookie\/","url":"https:\/\/www.pellinicaffe.com\/pl\/polityka-cookie\/","name":"Polityka plik\u00f3w cookie \u2013 Pellini Caff\u00e8","isPartOf":{"@id":"https:\/\/www.pellinicaffe.com\/pl\/#website"},"datePublished":"2025-10-13T16:12:57+00:00","dateModified":"2026-02-24T10:18:14+00:00","description":"Jak u\u017cywamy plik\u00f3w cookie: kategorie, preferencje i zarz\u0105dzanie zgod\u0105 w serwisie Pellini Caff\u00e8.","breadcrumb":{"@id":"https:\/\/www.pellinicaffe.com\/pl\/polityka-cookie\/#breadcrumb"},"inLanguage":"pl-PL","potentialAction":[{"@type":"ReadAction","target":["https:\/\/www.pellinicaffe.com\/pl\/polityka-cookie\/"]}]},{"@type":"BreadcrumbList","@id":"https:\/\/www.pellinicaffe.com\/pl\/polityka-cookie\/#breadcrumb","itemListElement":[{"@type":"ListItem","position":1,"name":"Home","item":"https:\/\/www.pellinicaffe.com\/pl\/"},{"@type":"ListItem","position":2,"name":"Polityka cookie"}]},{"@type":"WebSite","@id":"https:\/\/www.pellinicaffe.com\/pl\/#website","url":"https:\/\/www.pellinicaffe.com\/pl\/","name":"Pellini Caff\u00e8","description":"","potentialAction":[{"@type":"SearchAction","target":{"@type":"EntryPoint","urlTemplate":"https:\/\/www.pellinicaffe.com\/pl\/?s={search_term_string}"},"query-input":{"@type":"PropertyValueSpecification","valueRequired":true,"valueName":"search_term_string"}}],"inLanguage":"pl-PL"}]}},"_links":{"self":[{"href":"https:\/\/www.pellinicaffe.com\/pl\/wp-json\/wp\/v2\/pages\/4863","targetHints":{"allow":["GET"]}}],"collection":[{"href":"https:\/\/www.pellinicaffe.com\/pl\/wp-json\/wp\/v2\/pages"}],"about":[{"href":"https:\/\/www.pellinicaffe.com\/pl\/wp-json\/wp\/v2\/types\/page"}],"author":[{"embeddable":true,"href":"https:\/\/www.pellinicaffe.com\/pl\/wp-json\/wp\/v2\/users\/3"}],"replies":[{"embeddable":true,"href":"https:\/\/www.pellinicaffe.com\/pl\/wp-json\/wp\/v2\/comments?post=4863"}],"version-history":[{"count":4,"href":"https:\/\/www.pellinicaffe.com\/pl\/wp-json\/wp\/v2\/pages\/4863\/revisions"}],"predecessor-version":[{"id":4939,"href":"https:\/\/www.pellinicaffe.com\/pl\/wp-json\/wp\/v2\/pages\/4863\/revisions\/4939"}],"wp:attachment":[{"href":"https:\/\/www.pellinicaffe.com\/pl\/wp-json\/wp\/v2\/media?parent=4863"}],"curies":[{"name":"wp","href":"https:\/\/api.w.org\/{rel}","templated":true}]}}